{"id":3909,"date":"2018-12-25T15:37:56","date_gmt":"2018-12-25T14:37:56","guid":{"rendered":"https:\/\/www.mermolux.rs\/?page_id=3909"},"modified":"2023-04-26T20:52:08","modified_gmt":"2023-04-26T18:52:08","slug":"o-nama","status":"publish","type":"page","link":"https:\/\/www.mermolux.rs\/?page_id=3909&lang=sr","title":{"rendered":"O nama"},"content":{"rendered":"<section id=\"bt_bb_section69f474321f8bc\" class=\"bt_bb_section bt_bb_layout_boxed_1200 bt_bb_vertical_align_top bt_bb_top_spacing_large bt_bb_bottom_spacing_large\"  data-bt-override-class=\"null\"><div class=\"bt_bb_port\"><div class=\"bt_bb_cell\"><div class=\"bt_bb_cell_inner\"><div class=\"bt_bb_row \"  data-bt-override-class=\"{}\"><div class=\"bt_bb_row_holder\" ><div  class=\"bt_bb_column col-xxl-6 col-xl-6 bt_bb_vertical_align_middle bt_bb_align_left bt_bb_padding_normal bt_bb_animation_fade_in move_right animate\" style=\"; --column-width:6;\" data-width=\"6\" data-bt-override-class=\"{}\"><div class=\"bt_bb_column_content\"><div class=\"bt_bb_column_content_inner\"><div class=\"bt_bb_separator bt_bb_border_style_none bt_bb_bottom_spacing_medium\" data-bt-override-class=\"null\"><\/div><header class=\"bt_bb_headline bt_bb_dash_top bt_bb_superheadline bt_bb_size_medium bt_bb_align_inherit\" data-bt-override-class=\"{}\"><h1 class=\"bt_bb_headline_tag\"><span class=\"bt_bb_headline_superheadline\">\u010cime se bavimo?<\/span><span class=\"bt_bb_headline_content\"><span>Mermerni radijatori<\/span><\/span><\/h1><\/header><div class=\"bt_bb_separator bt_bb_border_style_none bt_bb_bottom_spacing_medium\" data-bt-override-class=\"null\"><\/div><div  class=\"bt_bb_text\" ><\/p>\n<p>Mermo lux Leskovac je privatno preduze\u0107e nastalo iz zanatske radnje. Od samog po\u010detka smo kvalitetnim proizvodima osvajali tr\u017ei\u0161te Srbije, a zatim i tr\u017ei\u0161ta zemalja regiona i Evrope.<\/p>\n<p>Jedni smo od prvih koji smo ponudili ovu vrstu proizvoda na tr\u017ei\u0161tu. Sve ove godine rastemo i razvijamo se zahvaljuju\u0107i na\u0161im klijentima koji nam ukazuju poverenje. Kvalitetnim i inovativnim pristupom uspeli smo nametnuti se kao lider u proizvodnji mermernih radijatora.<\/p>\n<p>\n<\/div><div class=\"bt_bb_separator bt_bb_border_style_none bt_bb_bottom_spacing_medium\" data-bt-override-class=\"null\"><\/div><div class=\"bt_bb_separator bt_bb_border_style_none bt_bb_bottom_spacing_medium\" data-bt-override-class=\"null\"><\/div><\/div><\/div><\/div><div  class=\"bt_bb_column col-xxl-6 col-xl-6 bt_bb_vertical_align_top bt_bb_align_center bt_bb_padding_normal bt_bb_animation_fade_in animate\" style=\"; --column-width:6;\" data-width=\"6\" data-bt-override-class=\"{}\"><div class=\"bt_bb_column_content\"><div class=\"bt_bb_column_content_inner\"><div data-bb-version=\"4.5.5\" class=\"bt_bb_image bt_bb_shape_soft-rounded bt_bb_target_self bt_bb_align_inherit bt_bb_hover_style_simple bt_bb_content_display_always bt_bb_content_align_middle bt_bb_content_exists\" data-bt-override-class=\"{&quot;bt_bb_align_&quot;:{&quot;current_class&quot;:&quot;bt_bb_align_inherit&quot;,&quot;def&quot;:&quot;inherit&quot;}}\"><span><img loading=\"lazy\" decoding=\"async\" width=\"1024\" height=\"635\" src=\"https:\/\/www.mermolux.rs\/wp-content\/uploads\/2019\/01\/mermerni-radijatori.jpg\" class=\"attachment-full size-full\" alt=\"https:\/\/www.mermolux.rs\/wp-content\/uploads\/2019\/01\/mermerni-radijatori.jpg\" data-full_image_src=\"https:\/\/www.mermolux.rs\/wp-content\/uploads\/2019\/01\/mermerni-radijatori.jpg\" title=\"mermerni-radijatori\" srcset=\"https:\/\/www.mermolux.rs\/wp-content\/uploads\/2019\/01\/mermerni-radijatori.jpg 1024w, https:\/\/www.mermolux.rs\/wp-content\/uploads\/2019\/01\/mermerni-radijatori-640x397.jpg 640w, https:\/\/www.mermolux.rs\/wp-content\/uploads\/2019\/01\/mermerni-radijatori-768x476.jpg 768w, https:\/\/www.mermolux.rs\/wp-content\/uploads\/2019\/01\/mermerni-radijatori-320x198.jpg 320w, https:\/\/www.mermolux.rs\/wp-content\/uploads\/2019\/01\/mermerni-radijatori-600x372.jpg 600w\" sizes=\"auto, (max-width: 1024px) 100vw, 1024px\" \/><\/span><div class=\"bt_bb_image_content\" ><div class=\"bt_bb_image_content_flex\"><div class=\"bt_bb_image_content_inner\"><div class=\"bt_bb_separator bt_bb_border_style_none bt_bb_bottom_spacing_normal\" data-bt-override-class=\"null\"><\/div><\/div><\/div><\/div><\/div><\/div><\/div><\/div><\/div><\/div><div class=\"bt_bb_row \"  data-bt-override-class=\"{}\"><div class=\"bt_bb_row_holder\" ><div  class=\"bt_bb_column col-xxl-12 col-xl-12 bt_bb_vertical_align_top bt_bb_align_left bt_bb_padding_normal bt_bb_animation_fade_in animate\" style=\"; --column-width:12;\" data-width=\"12\" data-bt-override-class=\"{}\"><div class=\"bt_bb_column_content\"><div class=\"bt_bb_column_content_inner\"><div class=\"bt_bb_separator bt_bb_border_style_solid bt_bb_top_spacing_large bt_bb_bottom_spacing_large\" data-bt-override-class=\"null\"><\/div><\/div><\/div><\/div><\/div><\/div><div class=\"bt_bb_row \"  data-bt-override-class=\"{}\"><div class=\"bt_bb_row_holder\" ><div  class=\"bt_bb_column col-xxl-6 col-xl-6 bt_bb_vertical_align_top bt_bb_align_center bt_bb_padding_normal bt_bb_animation_fade_in animate\" style=\"; --column-width:6;\" data-width=\"6\" data-bt-override-class=\"{}\"><div class=\"bt_bb_column_content\"><div class=\"bt_bb_column_content_inner\"><div data-bb-version=\"4.5.5\" class=\"bt_bb_image bt_bb_shape_soft-rounded bt_bb_target_self bt_bb_align_inherit bt_bb_hover_style_simple bt_bb_content_display_show-on-hover bt_bb_content_align_middle bt_bb_content_exists\" data-bt-override-class=\"{&quot;bt_bb_align_&quot;:{&quot;current_class&quot;:&quot;bt_bb_align_inherit&quot;,&quot;def&quot;:&quot;inherit&quot;}}\"><span><img loading=\"lazy\" decoding=\"async\" width=\"1024\" height=\"635\" src=\"https:\/\/www.mermolux.rs\/wp-content\/uploads\/2019\/01\/nasi-proizvodi.jpg\" class=\"attachment-full size-full\" alt=\"https:\/\/www.mermolux.rs\/wp-content\/uploads\/2019\/01\/nasi-proizvodi.jpg\" data-full_image_src=\"https:\/\/www.mermolux.rs\/wp-content\/uploads\/2019\/01\/nasi-proizvodi.jpg\" title=\"nasi-proizvodi\" srcset=\"https:\/\/www.mermolux.rs\/wp-content\/uploads\/2019\/01\/nasi-proizvodi.jpg 1024w, https:\/\/www.mermolux.rs\/wp-content\/uploads\/2019\/01\/nasi-proizvodi-640x397.jpg 640w, https:\/\/www.mermolux.rs\/wp-content\/uploads\/2019\/01\/nasi-proizvodi-768x476.jpg 768w, https:\/\/www.mermolux.rs\/wp-content\/uploads\/2019\/01\/nasi-proizvodi-320x198.jpg 320w, https:\/\/www.mermolux.rs\/wp-content\/uploads\/2019\/01\/nasi-proizvodi-600x372.jpg 600w\" sizes=\"auto, (max-width: 1024px) 100vw, 1024px\" \/><\/span><div class=\"bt_bb_image_content\"  style=\"background-color: rgba(255, 255, 255, 0.2);\"><div class=\"bt_bb_image_content_flex\"><div class=\"bt_bb_image_content_inner\"><div class=\"bt_bb_separator bt_bb_border_style_none bt_bb_bottom_spacing_normal\" data-bt-override-class=\"null\"><\/div><\/div><\/div><\/div><\/div><\/div><\/div><\/div><div  class=\"bt_bb_column col-xxl-6 col-xl-6 bt_bb_vertical_align_middle bt_bb_align_left bt_bb_padding_normal bt_bb_animation_fade_in move_left animate\" style=\"; --column-width:6;\" data-width=\"6\" data-bt-override-class=\"{}\"><div class=\"bt_bb_column_content\"><div class=\"bt_bb_column_content_inner\"><div class=\"bt_bb_separator bt_bb_border_style_none bt_bb_bottom_spacing_medium\" data-bt-override-class=\"null\"><\/div><header class=\"bt_bb_headline bt_bb_dash_top bt_bb_superheadline bt_bb_size_medium bt_bb_align_inherit\" data-bt-override-class=\"{}\"><h1 class=\"bt_bb_headline_tag\"><span class=\"bt_bb_headline_superheadline\">Zadovoljni klijenti<\/span><span class=\"bt_bb_headline_content\"><span>Na\u0161i proizvodi<\/span><\/span><\/h1><\/header><div class=\"bt_bb_separator bt_bb_border_style_none bt_bb_bottom_spacing_medium\" data-bt-override-class=\"null\"><\/div><div  class=\"bt_bb_text\" ><\/p>\n<p>Sticanjem novih znanja i iskustva, pre svega u proizvodnji elektri\u010dnih radijatora od prirodnih stena (mermer, granit, onix i dr.) osvajali smo presti\u017ena Evropska tr\u017ei\u0161ta (UK, Nema\u010dka, Francuska, Norve\u0161ka, \u010ce\u0161ka, zemlje Beneluxa i dr.).<\/p>\n<p>Dokazi su stotine zadovoljnih klijenata \u0161irom Evrope. Na\u0161i proizvodi se prodaju u 15 zemalja \u0161irom sveta. Danas se na\u0161a ponuda sastoji od preko 200 vrsta mermernih radijatora.<\/p>\n<p>Tokom ovih godina uspe\u0161nog poslovanja stekli smo veliko iskustvo, uveli mnoge inovacije i nove tehnologije u cilju unapredjenja na\u0161ih proizvoda.<\/p>\n<p>\n<\/div><div class=\"bt_bb_separator bt_bb_border_style_none bt_bb_bottom_spacing_medium\" data-bt-override-class=\"null\"><\/div><div class=\"bt_bb_separator bt_bb_border_style_none bt_bb_bottom_spacing_medium\" data-bt-override-class=\"null\"><\/div><\/div><\/div><\/div><\/div><\/div><div class=\"bt_bb_row \"  data-bt-override-class=\"{}\"><div class=\"bt_bb_row_holder\" ><div  class=\"bt_bb_column col-xxl-12 col-xl-12 bt_bb_vertical_align_top bt_bb_align_left bt_bb_padding_normal bt_bb_animation_fade_in animate\" style=\"; --column-width:12;\" data-width=\"12\" data-bt-override-class=\"{}\"><div class=\"bt_bb_column_content\"><div class=\"bt_bb_column_content_inner\"><div class=\"bt_bb_separator bt_bb_border_style_solid bt_bb_top_spacing_large bt_bb_bottom_spacing_large\" data-bt-override-class=\"null\"><\/div><\/div><\/div><\/div><\/div><\/div><div class=\"bt_bb_row \"  data-bt-override-class=\"{}\"><div class=\"bt_bb_row_holder\" ><div  class=\"bt_bb_column col-xxl-6 col-xl-6 bt_bb_vertical_align_middle bt_bb_align_left bt_bb_padding_normal bt_bb_animation_fade_in move_right animate\" style=\"; --column-width:6;\" data-width=\"6\" data-bt-override-class=\"{}\"><div class=\"bt_bb_column_content\"><div class=\"bt_bb_column_content_inner\"><div class=\"bt_bb_separator bt_bb_border_style_none bt_bb_bottom_spacing_medium\" data-bt-override-class=\"null\"><\/div><header class=\"bt_bb_headline bt_bb_dash_top bt_bb_superheadline bt_bb_size_medium bt_bb_align_inherit\" data-bt-override-class=\"{}\"><h1 class=\"bt_bb_headline_tag\"><span class=\"bt_bb_headline_superheadline\">Dizajn proizvoda<\/span><span class=\"bt_bb_headline_content\"><span>Kvalitet i funkcionalnost<\/span><\/span><\/h1><\/header><div class=\"bt_bb_separator bt_bb_border_style_none bt_bb_bottom_spacing_medium\" data-bt-override-class=\"null\"><\/div><div  class=\"bt_bb_text\" ><\/p>\n<p>Na\u0161i proizvodi namenjeni su opremanju poslovnih zgrada, kuc\u0301a, domac\u0301instava i mnogih drugih objekata gde je potrebna kombinacija kvaliteta, elegancije i efikasnosti.<\/p>\n<p>Buduc\u0301nost gradimo na temeljima iskustva, kvaliteta i inovacija.<\/p>\n<p>\n<\/div><div class=\"bt_bb_separator bt_bb_border_style_none bt_bb_bottom_spacing_medium\" data-bt-override-class=\"null\"><\/div><div class=\"bt_bb_separator bt_bb_border_style_none bt_bb_bottom_spacing_medium\" data-bt-override-class=\"null\"><\/div><\/div><\/div><\/div><div  class=\"bt_bb_column col-xxl-6 col-xl-6 bt_bb_vertical_align_top bt_bb_align_center bt_bb_padding_normal bt_bb_animation_fade_in animate\" style=\"; --column-width:6;\" data-width=\"6\" data-bt-override-class=\"{}\"><div class=\"bt_bb_column_content\"><div class=\"bt_bb_column_content_inner\"><div data-bb-version=\"4.5.5\" class=\"bt_bb_image bt_bb_shape_soft-rounded bt_bb_target_self bt_bb_align_inherit bt_bb_hover_style_simple bt_bb_content_display_show-on-hover bt_bb_content_align_middle bt_bb_content_exists\" data-bt-override-class=\"{&quot;bt_bb_align_&quot;:{&quot;current_class&quot;:&quot;bt_bb_align_inherit&quot;,&quot;def&quot;:&quot;inherit&quot;}}\"><span><img loading=\"lazy\" decoding=\"async\" width=\"1024\" height=\"635\" src=\"https:\/\/www.mermolux.rs\/wp-content\/uploads\/2019\/01\/kvalitet-funkcionalnost.jpg\" class=\"attachment-full size-full\" alt=\"https:\/\/www.mermolux.rs\/wp-content\/uploads\/2019\/01\/kvalitet-funkcionalnost.jpg\" data-full_image_src=\"https:\/\/www.mermolux.rs\/wp-content\/uploads\/2019\/01\/kvalitet-funkcionalnost.jpg\" title=\"kvalitet-funkcionalnost\" srcset=\"https:\/\/www.mermolux.rs\/wp-content\/uploads\/2019\/01\/kvalitet-funkcionalnost.jpg 1024w, https:\/\/www.mermolux.rs\/wp-content\/uploads\/2019\/01\/kvalitet-funkcionalnost-640x397.jpg 640w, https:\/\/www.mermolux.rs\/wp-content\/uploads\/2019\/01\/kvalitet-funkcionalnost-768x476.jpg 768w, https:\/\/www.mermolux.rs\/wp-content\/uploads\/2019\/01\/kvalitet-funkcionalnost-320x198.jpg 320w, https:\/\/www.mermolux.rs\/wp-content\/uploads\/2019\/01\/kvalitet-funkcionalnost-600x372.jpg 600w\" sizes=\"auto, (max-width: 1024px) 100vw, 1024px\" \/><\/span><div class=\"bt_bb_image_content\"  style=\"background-color: rgba(255, 255, 255, 0.2);\"><div class=\"bt_bb_image_content_flex\"><div class=\"bt_bb_image_content_inner\"><div class=\"bt_bb_separator bt_bb_border_style_none bt_bb_bottom_spacing_normal\" data-bt-override-class=\"null\"><\/div><\/div><\/div><\/div><\/div><\/div><\/div><\/div><\/div><\/div><div class=\"bt_bb_row \"  data-bt-override-class=\"{}\"><div class=\"bt_bb_row_holder\" ><div  class=\"bt_bb_column col-xxl-12 col-xl-12 bt_bb_vertical_align_top bt_bb_align_left bt_bb_padding_normal bt_bb_animation_fade_in animate\" style=\"; --column-width:12;\" data-width=\"12\" data-bt-override-class=\"{}\"><div class=\"bt_bb_column_content\"><div class=\"bt_bb_column_content_inner\"><div class=\"bt_bb_separator bt_bb_border_style_solid bt_bb_top_spacing_large bt_bb_bottom_spacing_large\" data-bt-override-class=\"null\"><\/div><\/div><\/div><\/div><\/div><\/div><div class=\"bt_bb_row \"  data-bt-override-class=\"{}\"><div class=\"bt_bb_row_holder\" ><div  class=\"bt_bb_column col-xxl-6 col-xl-6 bt_bb_vertical_align_top bt_bb_align_center bt_bb_padding_normal bt_bb_animation_fade_in animate\" style=\"; --column-width:6;\" data-width=\"6\" data-bt-override-class=\"{}\"><div class=\"bt_bb_column_content\"><div class=\"bt_bb_column_content_inner\"><div data-bb-version=\"4.5.5\" class=\"bt_bb_image bt_bb_shape_square bt_bb_target_self bt_bb_align_inherit bt_bb_hover_style_simple bt_bb_content_display_show-on-hover bt_bb_content_align_middle bt_bb_content_exists\" data-bt-override-class=\"{&quot;bt_bb_align_&quot;:{&quot;current_class&quot;:&quot;bt_bb_align_inherit&quot;,&quot;def&quot;:&quot;inherit&quot;}}\"><span><img loading=\"lazy\" decoding=\"async\" width=\"1024\" height=\"635\" src=\"https:\/\/www.mermolux.rs\/wp-content\/uploads\/2019\/01\/sertifikati-new.jpg\" class=\"attachment-full size-full\" alt=\"https:\/\/www.mermolux.rs\/wp-content\/uploads\/2019\/01\/sertifikati-new.jpg\" data-full_image_src=\"https:\/\/www.mermolux.rs\/wp-content\/uploads\/2019\/01\/sertifikati-new.jpg\" title=\"sertifikati-new\" srcset=\"https:\/\/www.mermolux.rs\/wp-content\/uploads\/2019\/01\/sertifikati-new.jpg 1024w, https:\/\/www.mermolux.rs\/wp-content\/uploads\/2019\/01\/sertifikati-new-640x397.jpg 640w, https:\/\/www.mermolux.rs\/wp-content\/uploads\/2019\/01\/sertifikati-new-768x476.jpg 768w, https:\/\/www.mermolux.rs\/wp-content\/uploads\/2019\/01\/sertifikati-new-320x198.jpg 320w, https:\/\/www.mermolux.rs\/wp-content\/uploads\/2019\/01\/sertifikati-new-600x372.jpg 600w\" sizes=\"auto, (max-width: 1024px) 100vw, 1024px\" \/><\/span><div class=\"bt_bb_image_content\"  style=\"background-color: rgba(255, 255, 255, 0.2);\"><div class=\"bt_bb_image_content_flex\"><div class=\"bt_bb_image_content_inner\"><div class=\"bt_bb_separator bt_bb_border_style_none bt_bb_bottom_spacing_normal\" data-bt-override-class=\"null\"><\/div><\/div><\/div><\/div><\/div><\/div><\/div><\/div><div  class=\"bt_bb_column col-xxl-6 col-xl-6 bt_bb_vertical_align_middle bt_bb_align_left bt_bb_padding_normal bt_bb_animation_fade_in move_left animate\" style=\"; --column-width:6;\" data-width=\"6\" data-bt-override-class=\"{}\"><div class=\"bt_bb_column_content\"><div class=\"bt_bb_column_content_inner\"><div class=\"bt_bb_separator bt_bb_border_style_none bt_bb_bottom_spacing_medium\" data-bt-override-class=\"null\"><\/div><header class=\"bt_bb_headline bt_bb_dash_top bt_bb_superheadline bt_bb_size_medium bt_bb_align_inherit\" data-bt-override-class=\"{}\"><h1 class=\"bt_bb_headline_tag\"><span class=\"bt_bb_headline_superheadline\">Kvalitet<\/span><span class=\"bt_bb_headline_content\"><span>Sertifikati i usagla\u0161enost<\/span><\/span><\/h1><\/header><div class=\"bt_bb_separator bt_bb_border_style_none bt_bb_bottom_spacing_medium\" data-bt-override-class=\"null\"><\/div><div  class=\"bt_bb_text\" ><\/p>\n<p>Od prvog dana Mermolux d.o.o se trudio da svi proizvodi imaju sve potrebne ateste i sertifikate. Posebnu pa\u017enju posve\u0107ujemo pakovanju i transportu proizvoda.<\/p>\n<p>Svi na\u0161i proizvodi prolaze strogu kontrolu kvaliteta i izra\u0111eni su po strogim kriterijumima. Sam proces proizvodnje zadovoljava stroge standarde koji se propisuju u zemlji i inostranstvu.<\/p>\n<p>\n<\/div><\/div><\/div><\/div><\/div><\/div><\/div><!-- cell_inner --><\/div><!-- cell --><\/div><!-- port --><\/section>\n","protected":false},"excerpt":{"rendered":"<p>Mermo lux &#8211; 30 godina sa Vama<\/p>\n","protected":false},"author":1,"featured_media":4036,"parent":0,"menu_order":0,"comment_status":"closed","ping_status":"closed","template":"","meta":{"footnotes":""},"class_list":["post-3909","page","type-page","status-publish","has-post-thumbnail","hentry"],"aioseo_notices":[],"_links":{"self":[{"href":"https:\/\/www.mermolux.rs\/index.php?rest_route=\/wp\/v2\/pages\/3909","targetHints":{"allow":["GET"]}}],"collection":[{"href":"https:\/\/www.mermolux.rs\/index.php?rest_route=\/wp\/v2\/pages"}],"about":[{"href":"https:\/\/www.mermolux.rs\/index.php?rest_route=\/wp\/v2\/types\/page"}],"author":[{"embeddable":true,"href":"https:\/\/www.mermolux.rs\/index.php?rest_route=\/wp\/v2\/users\/1"}],"replies":[{"embeddable":true,"href":"https:\/\/www.mermolux.rs\/index.php?rest_route=%2Fwp%2Fv2%2Fcomments&post=3909"}],"version-history":[{"count":50,"href":"https:\/\/www.mermolux.rs\/index.php?rest_route=\/wp\/v2\/pages\/3909\/revisions"}],"predecessor-version":[{"id":5360,"href":"https:\/\/www.mermolux.rs\/index.php?rest_route=\/wp\/v2\/pages\/3909\/revisions\/5360"}],"wp:featuredmedia":[{"embeddable":true,"href":"https:\/\/www.mermolux.rs\/index.php?rest_route=\/wp\/v2\/media\/4036"}],"wp:attachment":[{"href":"https:\/\/www.mermolux.rs\/index.php?rest_route=%2Fwp%2Fv2%2Fmedia&parent=3909"}],"curies":[{"name":"wp","href":"https:\/\/api.w.org\/{rel}","templated":true}]}}