{"id":4213,"date":"2019-01-21T13:56:40","date_gmt":"2019-01-21T12:56:40","guid":{"rendered":"https:\/\/www.mermolux.rs\/?page_id=4213"},"modified":"2021-10-21T17:51:07","modified_gmt":"2021-10-21T15:51:07","slug":"namestaj","status":"publish","type":"page","link":"https:\/\/www.mermolux.rs\/?page_id=4213&lang=sr","title":{"rendered":"Name\u0161taj"},"content":{"rendered":"<p><section id=\"bt_bb_section69eb8da25b2b4\" class=\"bt_bb_section bt_bb_layout_boxed_1200\"  data-bt-override-class=\"null\"><div class=\"bt_bb_port\"><div class=\"bt_bb_cell\"><div class=\"bt_bb_cell_inner\"><div class=\"bt_bb_row \"  data-bt-override-class=\"{}\"><div class=\"bt_bb_row_holder\" ><div  class=\"bt_bb_column col-xxl-12 col-xl-12 bt_bb_vertical_align_top bt_bb_align_left bt_bb_padding_normal\" style=\"; --column-width:12;\" data-width=\"12\" data-bt-override-class=\"{}\"><div class=\"bt_bb_column_content\"><div class=\"bt_bb_column_content_inner\"><div class=\"bt_bb_separator bt_bb_border_style_none bt_bb_top_spacing_normal bt_bb_bottom_spacing_normal\" data-bt-override-class=\"null\"><\/div><\/div><\/div><\/div><\/div><\/div><\/div><!-- cell_inner --><\/div><!-- cell --><\/div><!-- port --><\/section><section id=\"bt_bb_section69eb8da25b504\" class=\"bt_bb_section bt_bb_layout_boxed_1200\"  data-bt-override-class=\"null\"><div class=\"bt_bb_port\"><div class=\"bt_bb_cell\"><div class=\"bt_bb_cell_inner\"><div class=\"bt_bb_row \"  data-bt-override-class=\"{}\"><div class=\"bt_bb_row_holder\" ><div  class=\"bt_bb_column col-xxl-12 col-xl-12 bt_bb_vertical_align_top bt_bb_align_left bt_bb_padding_normal\" style=\"; --column-width:12;\" data-width=\"12\" data-bt-override-class=\"{}\"><div class=\"bt_bb_column_content\"><div class=\"bt_bb_column_content_inner\"><div  class=\"bt_bb_text\" ><\/p>\n<p>Name\u0161taj izra\u0111en u kompletu od prirodnih granita i mermera je retkost. Ali se zato pojedini delovi name\u0161taja \u010desto rade od prirodnih stena.<\/p>\n<p>Po zahtevu se svi proizvodi u kategoriji name\u0161taj mogu uraditi s grejnim elementima pri \u010demu se temperatura mo\u017ee regulisati po zahtevu.<\/p>\n<p>\n<\/div><\/div><\/div><\/div><\/div><\/div><\/div><!-- cell_inner --><\/div><!-- cell --><\/div><!-- port --><\/section><section id=\"bt_bb_section69eb8da25b744\" class=\"bt_bb_section bt_bb_layout_boxed_1200\"  data-bt-override-class=\"null\"><div class=\"bt_bb_port\"><div class=\"bt_bb_cell\"><div class=\"bt_bb_cell_inner\"><div class=\"bt_bb_row \"  data-bt-override-class=\"{}\"><div class=\"bt_bb_row_holder\" ><div  class=\"bt_bb_column col-xxl-12 col-xl-12 bt_bb_vertical_align_top bt_bb_align_left bt_bb_padding_normal\" style=\"; --column-width:12;\" data-width=\"12\" data-bt-override-class=\"{}\"><div class=\"bt_bb_column_content\"><div class=\"bt_bb_column_content_inner\"><div class=\"bt_bb_separator bt_bb_border_style_none bt_bb_top_spacing_normal bt_bb_bottom_spacing_normal\" data-bt-override-class=\"null\"><\/div><\/div><\/div><\/div><\/div><\/div><\/div><!-- cell_inner --><\/div><!-- cell --><\/div><!-- port --><\/section><section id=\"bt_bb_section69eb8da25b86d\" class=\"bt_bb_section bt_bb_layout_boxed_1200\"  data-bt-override-class=\"null\"><div class=\"bt_bb_port\"><div class=\"bt_bb_cell\"><div class=\"bt_bb_cell_inner\"><div class=\"bt_bb_row \"  data-bt-override-class=\"{}\"><div class=\"bt_bb_row_holder\" ><div  class=\"bt_bb_column col-xxl-12 col-xl-12 bt_bb_vertical_align_top bt_bb_align_left bt_bb_padding_normal\" style=\"; --column-width:12;\" data-width=\"12\" data-bt-override-class=\"{}\"><div class=\"bt_bb_column_content\"><div class=\"bt_bb_column_content_inner\"><div class=\"bt_bb_masonry_portfolio_grid bt_bb_grid_container bt_bb_columns_4 bt_bb_gap_normal\" data-columns=\"4\"><div class=\"bt_bb_post_grid_loader\"><\/div><div class=\"bt_bb_masonry_post_grid_content bt_bb_grid_hide\" data-bt-nonce=\"7180f00634\"  data-number-portfolio=\"16\" data-category-portfolio=\"namestaj-sr\" data-post-type=\"portfolio\" data-show-portfolio=\"a%3A7%3A%7Bs%3A8%3A%22category%22%3Bb%3A0%3Bs%3A4%3A%22date%22%3Bb%3A0%3Bs%3A6%3A%22author%22%3Bb%3A0%3Bs%3A8%3A%22comments%22%3Bb%3A0%3Bs%3A7%3A%22excerpt%22%3Bb%3A0%3Bs%3A5%3A%22share%22%3Bb%3A0%3Bs%3A17%3A%22show_category_all%22%3Bb%3A1%3B%7D\"><div class=\"bt_bb_grid_sizer\"><\/div><\/div><\/div><\/div><\/div><\/div><\/div><\/div><\/div><!-- cell_inner --><\/div><!-- cell --><\/div><!-- port --><\/section><section id=\"bt_bb_section69eb8da25badb\" class=\"bt_bb_section bt_bb_layout_boxed_1200\"  data-bt-override-class=\"null\"><div class=\"bt_bb_port\"><div class=\"bt_bb_cell\"><div class=\"bt_bb_cell_inner\"><div class=\"bt_bb_row \"  data-bt-override-class=\"{}\"><div class=\"bt_bb_row_holder\" ><div  class=\"bt_bb_column col-xxl-12 col-xl-12 bt_bb_vertical_align_top bt_bb_align_left bt_bb_padding_normal\" style=\"; --column-width:12;\" data-width=\"12\" data-bt-override-class=\"{}\"><div class=\"bt_bb_column_content\"><div class=\"bt_bb_column_content_inner\"><div class=\"bt_bb_separator bt_bb_border_style_none bt_bb_top_spacing_normal bt_bb_bottom_spacing_normal\" data-bt-override-class=\"null\"><\/div><\/div><\/div><\/div><\/div><\/div><\/div><!-- cell_inner --><\/div><!-- cell --><\/div><!-- port --><\/section><\/p>\n","protected":false},"excerpt":{"rendered":"<p>Mermeri i graniti se javljaju kao najjaci materijali za proizvodnju name\u0161taja. Oni su jaki i dugotrajni. Njihova masivnost se \u010desto kategori\u0161e kao luksuz, a presti\u017enost i uve\u0107anje vrednosti do nekoliko puta se posti\u017ee raznim gravurama na pojedinim delovima name\u0161taja.  <\/p>\n","protected":false},"author":1,"featured_media":4190,"parent":0,"menu_order":0,"comment_status":"closed","ping_status":"closed","template":"","meta":{"footnotes":""},"class_list":["post-4213","page","type-page","status-publish","has-post-thumbnail","hentry"],"aioseo_notices":[],"_links":{"self":[{"href":"https:\/\/www.mermolux.rs\/index.php?rest_route=\/wp\/v2\/pages\/4213","targetHints":{"allow":["GET"]}}],"collection":[{"href":"https:\/\/www.mermolux.rs\/index.php?rest_route=\/wp\/v2\/pages"}],"about":[{"href":"https:\/\/www.mermolux.rs\/index.php?rest_route=\/wp\/v2\/types\/page"}],"author":[{"embeddable":true,"href":"https:\/\/www.mermolux.rs\/index.php?rest_route=\/wp\/v2\/users\/1"}],"replies":[{"embeddable":true,"href":"https:\/\/www.mermolux.rs\/index.php?rest_route=%2Fwp%2Fv2%2Fcomments&post=4213"}],"version-history":[{"count":5,"href":"https:\/\/www.mermolux.rs\/index.php?rest_route=\/wp\/v2\/pages\/4213\/revisions"}],"predecessor-version":[{"id":5185,"href":"https:\/\/www.mermolux.rs\/index.php?rest_route=\/wp\/v2\/pages\/4213\/revisions\/5185"}],"wp:featuredmedia":[{"embeddable":true,"href":"https:\/\/www.mermolux.rs\/index.php?rest_route=\/wp\/v2\/media\/4190"}],"wp:attachment":[{"href":"https:\/\/www.mermolux.rs\/index.php?rest_route=%2Fwp%2Fv2%2Fmedia&parent=4213"}],"curies":[{"name":"wp","href":"https:\/\/api.w.org\/{rel}","templated":true}]}}