{"id":4259,"date":"2019-01-21T15:23:41","date_gmt":"2019-01-21T14:23:41","guid":{"rendered":"https:\/\/www.mermolux.rs\/?page_id=4259"},"modified":"2023-04-26T21:12:15","modified_gmt":"2023-04-26T19:12:15","slug":"pakovanje-proizvoda","status":"publish","type":"page","link":"https:\/\/www.mermolux.rs\/?page_id=4259&lang=sr","title":{"rendered":"Pakovanje proizvoda"},"content":{"rendered":"<section id=\"bt_bb_section69eb8b7541671\" class=\"bt_bb_section bt_bb_layout_boxed_1200 bt_bb_vertical_align_top bt_bb_top_spacing_large bt_bb_bottom_spacing_large\"  data-bt-override-class=\"null\"><div class=\"bt_bb_port\"><div class=\"bt_bb_cell\"><div class=\"bt_bb_cell_inner\"><div class=\"bt_bb_row \"  data-bt-override-class=\"{}\"><div class=\"bt_bb_row_holder\" ><div  class=\"bt_bb_column col-xxl-6 col-xl-6 bt_bb_vertical_align_middle bt_bb_align_left bt_bb_padding_normal bt_bb_animation_fade_in move_right animate\" style=\"; --column-width:6;\" data-width=\"6\" data-bt-override-class=\"{}\"><div class=\"bt_bb_column_content\"><div class=\"bt_bb_column_content_inner\"><div class=\"bt_bb_separator bt_bb_border_style_none bt_bb_bottom_spacing_medium\" data-bt-override-class=\"null\"><\/div><header class=\"bt_bb_headline bt_bb_dash_top bt_bb_size_medium bt_bb_align_inherit\" data-bt-override-class=\"{}\"><h1 class=\"bt_bb_headline_tag\"><span class=\"bt_bb_headline_content\"><span>Pakovanje<\/span><\/span><\/h1><\/header><div class=\"bt_bb_separator bt_bb_border_style_none bt_bb_bottom_spacing_medium\" data-bt-override-class=\"null\"><\/div><div  class=\"bt_bb_text\" ><\/p>\n<p>Kako bi se bezbednost transporta robe zna\u010dajno unapredila, Mermo lux vr\u0161i pakovanje pojedincanog proizvoda kao i komplet paleta.<\/p>\n<p>Bezbednost u pogledu transporta robe je na\u0161 imperativ. Za to je presudno pre svega adekvatno vozno sredstvo ali i sam proces utovara odnosno istovara robe. Za te potrebe, sa ponosom mo\u017eemo istaci saradnju sa vode\u0107im svetskim transportnim kompanijama (DHL, Po\u0161ta Srbije, DSV, Dexpres, Gebruder weiss, i dr.) kao i adekvatnu opremu i mehanizaciju za istovar\/utovar robe.<\/p>\n<p>\n<\/div><div class=\"bt_bb_separator bt_bb_border_style_none bt_bb_bottom_spacing_medium\" data-bt-override-class=\"null\"><\/div><div class=\"bt_bb_separator bt_bb_border_style_none bt_bb_bottom_spacing_medium\" data-bt-override-class=\"null\"><\/div><\/div><\/div><\/div><div  class=\"bt_bb_column col-xxl-6 col-xl-6 bt_bb_vertical_align_top bt_bb_align_center bt_bb_padding_normal bt_bb_animation_fade_in animate\" style=\"; --column-width:6;\" data-width=\"6\" data-bt-override-class=\"{}\"><div class=\"bt_bb_column_content\"><div class=\"bt_bb_column_content_inner\"><div data-bb-version=\"4.5.5\" class=\"bt_bb_image bt_bb_shape_soft-rounded bt_bb_target_self bt_bb_align_inherit bt_bb_hover_style_simple bt_bb_content_display_always bt_bb_content_align_middle bt_bb_content_exists\" data-bt-override-class=\"{&quot;bt_bb_align_&quot;:{&quot;current_class&quot;:&quot;bt_bb_align_inherit&quot;,&quot;def&quot;:&quot;inherit&quot;}}\"><span><img loading=\"lazy\" decoding=\"async\" width=\"2048\" height=\"1366\" src=\"https:\/\/www.mermolux.rs\/wp-content\/uploads\/2019\/01\/transport-1.jpg\" class=\"attachment-full size-full\" alt=\"https:\/\/www.mermolux.rs\/wp-content\/uploads\/2019\/01\/transport-1.jpg\" data-full_image_src=\"https:\/\/www.mermolux.rs\/wp-content\/uploads\/2019\/01\/transport-1.jpg\" title=\"transport-1\" srcset=\"https:\/\/www.mermolux.rs\/wp-content\/uploads\/2019\/01\/transport-1.jpg 2048w, https:\/\/www.mermolux.rs\/wp-content\/uploads\/2019\/01\/transport-1-640x427.jpg 640w, https:\/\/www.mermolux.rs\/wp-content\/uploads\/2019\/01\/transport-1-768x512.jpg 768w, https:\/\/www.mermolux.rs\/wp-content\/uploads\/2019\/01\/transport-1-1280x854.jpg 1280w, https:\/\/www.mermolux.rs\/wp-content\/uploads\/2019\/01\/transport-1-320x213.jpg 320w, https:\/\/www.mermolux.rs\/wp-content\/uploads\/2019\/01\/transport-1-600x400.jpg 600w\" sizes=\"auto, (max-width: 2048px) 100vw, 2048px\" \/><\/span><div class=\"bt_bb_image_content\" ><div class=\"bt_bb_image_content_flex\"><div class=\"bt_bb_image_content_inner\"><div class=\"bt_bb_separator bt_bb_border_style_none bt_bb_bottom_spacing_normal\" data-bt-override-class=\"null\"><\/div><\/div><\/div><\/div><\/div><\/div><\/div><\/div><\/div><\/div><div class=\"bt_bb_row \"  data-bt-override-class=\"{}\"><div class=\"bt_bb_row_holder\" ><div  class=\"bt_bb_column col-xxl-12 col-xl-12 bt_bb_vertical_align_top bt_bb_align_left bt_bb_padding_normal bt_bb_animation_fade_in animate\" style=\"; --column-width:12;\" data-width=\"12\" data-bt-override-class=\"{}\"><div class=\"bt_bb_column_content\"><div class=\"bt_bb_column_content_inner\"><div class=\"bt_bb_separator bt_bb_border_style_solid bt_bb_top_spacing_large bt_bb_bottom_spacing_large\" data-bt-override-class=\"null\"><\/div><\/div><\/div><\/div><\/div><\/div><div class=\"bt_bb_row \"  data-bt-override-class=\"{}\"><div class=\"bt_bb_row_holder\" ><div  class=\"bt_bb_column col-xxl-6 col-xl-6 bt_bb_vertical_align_top bt_bb_align_center bt_bb_padding_normal bt_bb_animation_fade_in animate\" style=\"; --column-width:6;\" data-width=\"6\" data-bt-override-class=\"{}\"><div class=\"bt_bb_column_content\"><div class=\"bt_bb_column_content_inner\"><div data-bb-version=\"4.5.5\" class=\"bt_bb_image bt_bb_shape_soft-rounded bt_bb_target_self bt_bb_align_inherit bt_bb_hover_style_simple bt_bb_content_display_show-on-hover bt_bb_content_align_middle bt_bb_content_exists\" data-bt-override-class=\"{&quot;bt_bb_align_&quot;:{&quot;current_class&quot;:&quot;bt_bb_align_inherit&quot;,&quot;def&quot;:&quot;inherit&quot;}}\"><span><img loading=\"lazy\" decoding=\"async\" width=\"2048\" height=\"1366\" src=\"https:\/\/www.mermolux.rs\/wp-content\/uploads\/2019\/01\/transport-2.jpg\" class=\"attachment-full size-full\" alt=\"https:\/\/www.mermolux.rs\/wp-content\/uploads\/2019\/01\/transport-2.jpg\" data-full_image_src=\"https:\/\/www.mermolux.rs\/wp-content\/uploads\/2019\/01\/transport-2.jpg\" title=\"transport-2\" srcset=\"https:\/\/www.mermolux.rs\/wp-content\/uploads\/2019\/01\/transport-2.jpg 2048w, https:\/\/www.mermolux.rs\/wp-content\/uploads\/2019\/01\/transport-2-640x427.jpg 640w, https:\/\/www.mermolux.rs\/wp-content\/uploads\/2019\/01\/transport-2-768x512.jpg 768w, https:\/\/www.mermolux.rs\/wp-content\/uploads\/2019\/01\/transport-2-1280x854.jpg 1280w, https:\/\/www.mermolux.rs\/wp-content\/uploads\/2019\/01\/transport-2-320x213.jpg 320w, https:\/\/www.mermolux.rs\/wp-content\/uploads\/2019\/01\/transport-2-600x400.jpg 600w\" sizes=\"auto, (max-width: 2048px) 100vw, 2048px\" \/><\/span><div class=\"bt_bb_image_content\" ><div class=\"bt_bb_image_content_flex\"><div class=\"bt_bb_image_content_inner\"><div class=\"bt_bb_separator bt_bb_border_style_none bt_bb_bottom_spacing_normal\" data-bt-override-class=\"null\"><\/div><\/div><\/div><\/div><\/div><\/div><\/div><\/div><div  class=\"bt_bb_column col-xxl-6 col-xl-6 bt_bb_vertical_align_middle bt_bb_align_left bt_bb_padding_normal bt_bb_animation_fade_in move_left animate\" style=\"; --column-width:6;\" data-width=\"6\" data-bt-override-class=\"{}\"><div class=\"bt_bb_column_content\"><div class=\"bt_bb_column_content_inner\"><div class=\"bt_bb_separator bt_bb_border_style_none bt_bb_bottom_spacing_medium\" data-bt-override-class=\"null\"><\/div><div  class=\"bt_bb_text\" ><\/p>\n<p>Svaka roba pri transportu zahteva poseban vid osiguranja zarad sigurnog prevoza.<br \/>\nTransportujemo na\u0161e proizvode kako u zemlji tako i inostranstvu.<\/p>\n<p>\n<\/div><div class=\"bt_bb_separator bt_bb_border_style_none bt_bb_bottom_spacing_medium\" data-bt-override-class=\"null\"><\/div><div class=\"bt_bb_separator bt_bb_border_style_none bt_bb_bottom_spacing_medium\" data-bt-override-class=\"null\"><\/div><\/div><\/div><\/div><\/div><\/div><\/div><!-- cell_inner --><\/div><!-- cell --><\/div><!-- port --><\/section>\n","protected":false},"excerpt":{"rendered":"<p>Mermo lux &#8211; 30 godina sa Vama<\/p>\n","protected":false},"author":1,"featured_media":4466,"parent":0,"menu_order":0,"comment_status":"closed","ping_status":"closed","template":"","meta":{"footnotes":""},"class_list":["post-4259","page","type-page","status-publish","has-post-thumbnail","hentry"],"aioseo_notices":[],"_links":{"self":[{"href":"https:\/\/www.mermolux.rs\/index.php?rest_route=\/wp\/v2\/pages\/4259","targetHints":{"allow":["GET"]}}],"collection":[{"href":"https:\/\/www.mermolux.rs\/index.php?rest_route=\/wp\/v2\/pages"}],"about":[{"href":"https:\/\/www.mermolux.rs\/index.php?rest_route=\/wp\/v2\/types\/page"}],"author":[{"embeddable":true,"href":"https:\/\/www.mermolux.rs\/index.php?rest_route=\/wp\/v2\/users\/1"}],"replies":[{"embeddable":true,"href":"https:\/\/www.mermolux.rs\/index.php?rest_route=%2Fwp%2Fv2%2Fcomments&post=4259"}],"version-history":[{"count":22,"href":"https:\/\/www.mermolux.rs\/index.php?rest_route=\/wp\/v2\/pages\/4259\/revisions"}],"predecessor-version":[{"id":5364,"href":"https:\/\/www.mermolux.rs\/index.php?rest_route=\/wp\/v2\/pages\/4259\/revisions\/5364"}],"wp:featuredmedia":[{"embeddable":true,"href":"https:\/\/www.mermolux.rs\/index.php?rest_route=\/wp\/v2\/media\/4466"}],"wp:attachment":[{"href":"https:\/\/www.mermolux.rs\/index.php?rest_route=%2Fwp%2Fv2%2Fmedia&parent=4259"}],"curies":[{"name":"wp","href":"https:\/\/api.w.org\/{rel}","templated":true}]}}